{"id":1904,"date":"2024-04-23T22:08:02","date_gmt":"2024-04-23T22:08:02","guid":{"rendered":"http:\/\/catherinedallaire.com\/?page_id=1904"},"modified":"2026-01-27T20:10:22","modified_gmt":"2026-01-27T20:10:22","slug":"home","status":"publish","type":"page","link":"https:\/\/catherinedallaire.com\/fr\/","title":{"rendered":"Accueil"},"content":{"rendered":"","protected":false},"excerpt":{"rendered":"<p>R\u00e9dactrice de contenu environnemental. Cr\u00e9ation de contenu li\u00e9 aux enjeux environnementaux et agricoles. Vulgarisation de concepts en lien avec l&#8217;\u00e9conomie locale et sociale, le renforcement communautaire, les modes de vie \u00e9cologiques et le tourisme durable.<\/p>","protected":false},"author":1,"featured_media":1413,"parent":0,"menu_order":0,"comment_status":"closed","ping_status":"closed","template":"","meta":{"footnotes":""},"class_list":["post-1904","page","type-page","status-publish","has-post-thumbnail","hentry"],"_links":{"self":[{"href":"https:\/\/catherinedallaire.com\/fr\/wp-json\/wp\/v2\/pages\/1904","targetHints":{"allow":["GET"]}}],"collection":[{"href":"https:\/\/catherinedallaire.com\/fr\/wp-json\/wp\/v2\/pages"}],"about":[{"href":"https:\/\/catherinedallaire.com\/fr\/wp-json\/wp\/v2\/types\/page"}],"author":[{"embeddable":true,"href":"https:\/\/catherinedallaire.com\/fr\/wp-json\/wp\/v2\/users\/1"}],"replies":[{"embeddable":true,"href":"https:\/\/catherinedallaire.com\/fr\/wp-json\/wp\/v2\/comments?post=1904"}],"version-history":[{"count":11,"href":"https:\/\/catherinedallaire.com\/fr\/wp-json\/wp\/v2\/pages\/1904\/revisions"}],"predecessor-version":[{"id":2306,"href":"https:\/\/catherinedallaire.com\/fr\/wp-json\/wp\/v2\/pages\/1904\/revisions\/2306"}],"wp:featuredmedia":[{"embeddable":true,"href":"https:\/\/catherinedallaire.com\/fr\/wp-json\/wp\/v2\/media\/1413"}],"wp:attachment":[{"href":"https:\/\/catherinedallaire.com\/fr\/wp-json\/wp\/v2\/media?parent=1904"}],"curies":[{"name":"wp","href":"https:\/\/api.w.org\/{rel}","templated":true}]}}